{"id":89,"date":"2026-03-07T01:51:25","date_gmt":"2026-03-07T01:51:25","guid":{"rendered":"https:\/\/thangmaygianganh.com.vn\/doi-tac\/"},"modified":"2026-04-06T08:39:32","modified_gmt":"2026-04-06T08:39:32","slug":"doi-tac","status":"publish","type":"page","link":"https:\/\/thangmaygianganh.com.vn\/en\/doi-tac\/","title":{"rendered":"Partner"},"content":{"rendered":"<p>Trang \u0110\u1ed1i t\u00e1c hi\u1ec3n th\u1ecb n\u0103ng l\u1ef1c tri\u1ec3n khai qua c\u00e1c c\u00f4ng tr\u00ecnh th\u1ef1c t\u1ebf.<\/p>\n\n\n<p><\/p>","protected":false},"excerpt":{"rendered":"<p>Trang \u0110\u1ed1i t\u00e1c hi\u1ec3n th\u1ecb n\u0103ng l\u1ef1c tri\u1ec3n khai qua c\u00e1c c\u00f4ng tr\u00ecnh th\u1ef1c t\u1ebf.<\/p>","protected":false},"author":1,"featured_media":184,"parent":0,"menu_order":0,"comment_status":"closed","ping_status":"closed","template":"page-doi-tac.php","meta":{"footnotes":""},"class_list":["post-89","page","type-page","status-publish","has-post-thumbnail","hentry"],"_links":{"self":[{"href":"https:\/\/thangmaygianganh.com.vn\/en\/wp-json\/wp\/v2\/pages\/89","targetHints":{"allow":["GET"]}}],"collection":[{"href":"https:\/\/thangmaygianganh.com.vn\/en\/wp-json\/wp\/v2\/pages"}],"about":[{"href":"https:\/\/thangmaygianganh.com.vn\/en\/wp-json\/wp\/v2\/types\/page"}],"author":[{"embeddable":true,"href":"https:\/\/thangmaygianganh.com.vn\/en\/wp-json\/wp\/v2\/users\/1"}],"replies":[{"embeddable":true,"href":"https:\/\/thangmaygianganh.com.vn\/en\/wp-json\/wp\/v2\/comments?post=89"}],"version-history":[{"count":4,"href":"https:\/\/thangmaygianganh.com.vn\/en\/wp-json\/wp\/v2\/pages\/89\/revisions"}],"predecessor-version":[{"id":200,"href":"https:\/\/thangmaygianganh.com.vn\/en\/wp-json\/wp\/v2\/pages\/89\/revisions\/200"}],"wp:featuredmedia":[{"embeddable":true,"href":"https:\/\/thangmaygianganh.com.vn\/en\/wp-json\/wp\/v2\/media\/184"}],"wp:attachment":[{"href":"https:\/\/thangmaygianganh.com.vn\/en\/wp-json\/wp\/v2\/media?parent=89"}],"curies":[{"name":"wp","href":"https:\/\/api.w.org\/{rel}","templated":true}]}}